{"id":103,"date":"2022-07-26T05:08:09","date_gmt":"2022-07-26T05:08:09","guid":{"rendered":"http:\/\/localhost\/seminuevos\/wp\/?page_id=3"},"modified":"2026-02-03T13:41:36","modified_gmt":"2026-02-03T18:41:36","slug":"politica-privacidad","status":"publish","type":"page","link":"https:\/\/fawcamiones.pe\/landing\/politica-privacidad\/","title":{"rendered":"Pol\u00edticas de privacidad general - Protecci\u00f3n de datos personales"},"content":{"rendered":"<p>En cumplimiento de la Ley de Protecci\u00f3n de Datos Personales y su Reglamento, y\/o sus normas complementarias, modificatorias, sustitutorias y dem\u00e1s disposiciones aplicables, INTERNATIONAL CAMIONES DEL PERU S.A., con R.U.C. N\u00b0 20600045521, y con domicilio en Av Domingo Orue 973 \u2013 Surquillo \u2013 Lima \u2013 Per\u00fa, asegura y garantiza que, todo y cualquier dato personal que haya recopilado de manera leg\u00edtima y con arreglo a ley, ser\u00e1 tratado \u00fanica y exclusivamente para cumplir con la finalidad para lo cual haya sido otorgado seg\u00fan consentimiento libre, previo, expreso, informado e inequ\u00edvoco, y en los casos permitidos por ley cuyo tratamiento no requiere de consentimiento previo, para cumplir con las finalidades respectivas en ese sentido, tales como, uso de datos de acceso p\u00fablico, uso de datos para la preparaci\u00f3n, celebraci\u00f3n y ejecuci\u00f3n de relaciones contractuales o profesionales necesarias para su desarrollo o cumplimiento, para fines de cumplimiento de las normas contra el lavado de activos y el financiamiento del terrorismo, por mandato legal, por orden de autoridad en ejercicio de sus funciones expresamente establecidas por ley, entre otras que legalmente est\u00e9n establecidas. De esta manera, con el objeto de poder asegurar un debido y oportuno servicio t\u00e9cnico, soporte de postventa, cumplimiento de garant\u00edas ofrecidas, as\u00ed como para mantener el uso y disfrute de todas las funcionalidades, beneficios y prestaciones que a nivel mundial ofrece la marca del veh\u00edculo adquirido por el titular de los datos personales, y siendo obligaci\u00f3n contractual asegurar que todos los usuarios de dicha marca puedan acceder a ello, se informa al titular que sus datos personales son necesarios e indispensables para la preparaci\u00f3n, celebraci\u00f3n y ejecuci\u00f3n de la relaci\u00f3n contractual en la que es parte por ser usuario de la marca del veh\u00edculo adquirido, por lo que los mismos podr\u00e1n y ser\u00e1n tratados para el cumplimiento de esa finalidad contractual, conforme a la excepci\u00f3n regulada en el inciso 5) del art\u00edculo 14\u00b0 de la Ley de Protecci\u00f3n de Datos Personales. En virtud de dicha excepci\u00f3n, entre otros casos debidamente justificados y amparados por la misma Ley, los datos podr\u00edan ser comunicados o transferidos de modo local y\/o transfronterizo, con el representante en el Per\u00fa de las marcas de veh\u00edculos NAVISTAR INC y INTERNATIONAL, la empresa peruana INTERNATIONAL CAMIONES DEL PERU S.A., y tambi\u00e9n con el fabricante de estos, a quienes se le podr\u00e1n comunicar o transferir los datos por intermedio del citado representante y cuyo detalle se aprecia en el siguiente enlace https:\/\/www.interperu.pe ; as\u00ed como tambi\u00e9n, con las empresas que conforman la RED DE CONCESIONARIOS OFICIALES o TALLERES AUTORIZADOS de dichas marcas (cuyo detalle se verifica en https:\/\/www.interperu.pe ), a quienes se le podr\u00e1n comunicar o transferir los datos directamente o por intermedio del citado representante; de igual manera, a las empresas del sistema financiero peruano identificadas y acreditadas por la Superintendencia de Banca, Seguros y AFP del Per\u00fa (cuyo detalle se verifica en www.sbs.gob.pe), as\u00ed como a empresas Administradoras de Fondos Colectivos autorizadas por la Superintendencia del Mercado de Valores (cuyo detalle se verifica en www.smv.gob.pe), y dem\u00e1s entidades privadas y p\u00fablicas necesarias para el cumplimiento de las relaciones contractuales sostenidas; en este mismo sentido, y bajo la misma excepci\u00f3n legal, los datos podr\u00edan ser encargados para su tratamiento a quienes se detallan en el siguiente enlace https:\/\/www.interperu.pe. Los receptores de datos personales asumen las mismas obligaciones y\/o responsabilidades que INTERNATIONAL CAMIONES DEL PERU S.A., estableci\u00e9ndose que dichos receptores podr\u00e1n utilizar los datos personales del cliente \u00fanicamente para el cumplimiento de las finalidades contractuales y dem\u00e1s excepciones reguladas por ley por las que no se requiera consentimiento, garantiz\u00e1ndose que los mismos respeten igualmente la protecci\u00f3n, seguridad y confidencialidad de dichos datos, as\u00ed como el ejercicio pleno ante estos de sus derechos.<\/p>\n<p>Los datos personales recogidos ser\u00e1n incorporados y tratados en un Banco de Datos de titularidad INTERNATIONAL CAMIONES DEL PERU S.A., denominado Clientes declarado ante la Autoridad de Datos Personales con C\u00f3digo de Registro N\u00b0 12838, que es automatizado y no automatizado, garantiz\u00e1ndose de manera expresa las medidas de seguridad t\u00e9cnica, organizativa y legal para el tratamiento, seguridad y confidencialidad de los datos de car\u00e1cter personal facilitados por sus clientes. Seguridad y confidencialidad que se asegura igualmente para la transferencia y\/o flujo transfronterizo de los mismos, cuando ello haya sido autorizado por su titular. Los datos se conservar\u00e1n por plazo indefinido.<\/p>\n<p>Se informa a los titulares de los datos personales que no est\u00e1n obligados a otorgarlos, siendo ello algo de car\u00e1cter facultativo, a excepci\u00f3n de aquellos datos de identificaci\u00f3n personal destinados y necesarios para la ejecuci\u00f3n de las relaciones contractuales que pueda sostener, y dem\u00e1s que por mandato legal no se requiere consentimiento de acuerdo a ley. Todo tratamiento de datos personales ser\u00e1 efectuado con veracidad, calidad y proporcionalidad para las finalidades antes indicadas y para la ejecuci\u00f3n de las relaciones contractuales, y dem\u00e1s permitidas por ley; la negativa a otorgar dichos datos personales impedir\u00e1 su tratamiento.<\/p>\n<p>Todo titular de datos personales tiene la facultad de solicitar en cualquier momento y de manera gratuita e irrestricta tener acceso a la informaci\u00f3n de los datos personales proporcionados por \u00e9ste, la forma y razones por la que los otorg\u00f3, las transferencias realizadas o que se prev\u00e9n hacer, as\u00ed como a actualizarlos, hacer inclusiones o agregados, rectificar los mismos, hacer supresiones, cancelarlos, plantear oposiciones, revocarlos o denegarlos total o parcialmente, as\u00ed como plantear los reclamos y solicitudes respecto de los mismos. Para ello, el otorgante podr\u00e1 ejercer dichos derechos enviando una comunicaci\u00f3n escrita simple al domicilio f\u00edsico precisado al inicio de este documento, o una comunicaci\u00f3n v\u00eda correo electr\u00f3nico a la direcci\u00f3n derechosarco@interperu.pe, haciendo la precisi\u00f3n clara y expresa de su pedido, el cual ser\u00e1 atendido dentro del plazo de ley.<\/p>\n<p>El responsable de este Banco de Datos es INTERNATIONAL CAMIONES DEL PERU S.A., por lo que el destino de los datos ser\u00e1 el mismo Banco de Datos y para que \u00e9sta los pueda tratar conforme a lo autorizado, para los fines espec\u00edficos antes indicados, todo con arreglo a ley. En tal sentido, se garantiza la absoluta confidencialidad, privacidad y protecci\u00f3n de los datos personales que se formen parte del Banco de Datos, as\u00ed como la idoneidad de su tratamiento, siendo que la informaci\u00f3n permanecer\u00e1 protegida y segura, y no ser\u00e1 compartida, transferida ni divulgada, salvo que se cuente con permiso expreso de su titular, o sea necesaria para la ejecuci\u00f3n de las relaciones contractuales que pueda sostener, y dem\u00e1s que por mandato legal no se requiera consentimiento.<\/p>\n<p>Finalmente, se deja expresa constancia del firme compromiso institucional, as\u00ed como por parte de todas las autoridades, directivos, ejecutivos, trabajadores y personal en general, de cumplir, respetar y garantizar la protecci\u00f3n de los datos personales de sus titulares, en pleno respeto de los principios de Legalidad, Consentimiento, Finalidad, Proporcionalidad, Calidad, Disposici\u00f3n de Recurso y de Nivel de Protecci\u00f3n Adecuado, as\u00ed como de los requisitos de seguridad aplicables, manteni\u00e9ndonos en una mejora continua.<\/p>\n<p>Para m\u00e1s informaci\u00f3n consulte nuestro C\u00f3digo de Conducta para la protecci\u00f3n de datos personales en www.euromotors.com.pe<\/p>\n","protected":false},"excerpt":{"rendered":"<p>En cumplimiento de la Ley de Protecci\u00f3n de Datos Personales y su Reglamento, y\/o sus normas complementarias, modificatorias, sustitutorias y dem\u00e1s disposiciones aplicables, INTERNATIONAL CAMIONES DEL PERU S.A., con R.U.C. N\u00b0 20600045521, y con domicilio en Av Domingo Orue 973 \u2013 Surquillo \u2013 Lima \u2013 Per\u00fa, asegura y garantiza que, todo y cualquier dato personal [&hellip;]<\/p>\n","protected":false},"author":4,"featured_media":0,"parent":0,"menu_order":3,"comment_status":"closed","ping_status":"closed","template":"templates\/theme-privacypolicies.php","meta":{"_acf_changed":false,"footnotes":""},"class_list":["post-103","page","type-page","status-publish","hentry"],"acf":[],"_links":{"self":[{"href":"https:\/\/fawcamiones.pe\/landing\/wp-json\/wp\/v2\/pages\/103","targetHints":{"allow":["GET"]}}],"collection":[{"href":"https:\/\/fawcamiones.pe\/landing\/wp-json\/wp\/v2\/pages"}],"about":[{"href":"https:\/\/fawcamiones.pe\/landing\/wp-json\/wp\/v2\/types\/page"}],"author":[{"embeddable":true,"href":"https:\/\/fawcamiones.pe\/landing\/wp-json\/wp\/v2\/users\/4"}],"replies":[{"embeddable":true,"href":"https:\/\/fawcamiones.pe\/landing\/wp-json\/wp\/v2\/comments?post=103"}],"version-history":[{"count":14,"href":"https:\/\/fawcamiones.pe\/landing\/wp-json\/wp\/v2\/pages\/103\/revisions"}],"predecessor-version":[{"id":372,"href":"https:\/\/fawcamiones.pe\/landing\/wp-json\/wp\/v2\/pages\/103\/revisions\/372"}],"wp:attachment":[{"href":"https:\/\/fawcamiones.pe\/landing\/wp-json\/wp\/v2\/media?parent=103"}],"curies":[{"name":"wp","href":"https:\/\/api.w.org\/{rel}","templated":true}]}}